{"id":391,"date":"2015-07-17T12:51:17","date_gmt":"2015-07-17T12:51:17","guid":{"rendered":"https:\/\/pinetrees.pt\/?page_id=391"},"modified":"2025-06-28T16:04:47","modified_gmt":"2025-06-28T16:04:47","slug":"ekiloule","status":"publish","type":"page","link":"https:\/\/pinetrees.pt\/pt\/about\/ekiloule\/","title":{"rendered":"HorseWorld"},"content":{"rendered":"<p class=\"qtranxs-available-languages-message qtranxs-available-languages-message-pt\">Desculpe, este conte\u00fado s\u00f3 est\u00e1 dispon\u00edvel em <a href=\"https:\/\/pinetrees.pt\/en\/wp-json\/wp\/v2\/pages\/391\" class=\"qtranxs-available-language-link qtranxs-available-language-link-en\" title=\"English\">English<\/a>. Por uma quest\u00e3o de conveni\u00eancia para o utilizador, o conte\u00fado \u00e9 mostrado abaixo no idioma alternativo. Pode clicar na liga\u00e7\u00e3o para alterar o idioma activo.<\/p><p><\/p>\n<h2 style=\"text-align: justify;\">Dear Pinetrees client<\/h2>\n<p style=\"text-align: justify;\">Elisa\u00b4s has moved her shop to spacious new premises west of Almancil on the E.N:125<\/p>\n<p style=\"text-align: justify;\">There is a great choice of equipment for horses and rider.<\/p>\n<p>Look out for special items such as Portuguese saddles, traditional chaps, or Spanish decorative long boots.<\/p>\n<p>Property owners sometimes like to keep a set of riding clothes at their holiday home.<\/p>\n<p style=\"text-align: justify;\">Bev<\/p>\n<div class=\"slider\"><img loading=\"lazy\" decoding=\"async\" width=\"382\" height=\"423\" src=\"https:\/\/pinetrees.pt\/wp-content\/uploads\/2015\/07\/12746505_192749214420055_1827883585_n.jpg\" class=\"attachment-big_photo size-big_photo\" alt=\"\" srcset=\"https:\/\/pinetrees.pt\/wp-content\/uploads\/2015\/07\/12746505_192749214420055_1827883585_n.jpg 382w, https:\/\/pinetrees.pt\/wp-content\/uploads\/2015\/07\/12746505_192749214420055_1827883585_n-271x300.jpg 271w\" sizes=\"auto, (max-width: 382px) 100vw, 382px\" \/><img loading=\"lazy\" decoding=\"async\" width=\"420\" height=\"420\" src=\"https:\/\/pinetrees.pt\/wp-content\/uploads\/2015\/07\/12735596_192745191087124_1974435848_n.jpg\" class=\"attachment-big_photo size-big_photo\" alt=\"\" srcset=\"https:\/\/pinetrees.pt\/wp-content\/uploads\/2015\/07\/12735596_192745191087124_1974435848_n.jpg 420w, https:\/\/pinetrees.pt\/wp-content\/uploads\/2015\/07\/12735596_192745191087124_1974435848_n-220x220.jpg 220w, https:\/\/pinetrees.pt\/wp-content\/uploads\/2015\/07\/12735596_192745191087124_1974435848_n-300x300.jpg 300w\" sizes=\"auto, (max-width: 420px) 100vw, 420px\" \/><img loading=\"lazy\" decoding=\"async\" width=\"420\" height=\"420\" src=\"https:\/\/pinetrees.pt\/wp-content\/uploads\/2015\/07\/12735583_192743911087252_124904773_n-2.jpg\" class=\"attachment-big_photo size-big_photo\" alt=\"\" srcset=\"https:\/\/pinetrees.pt\/wp-content\/uploads\/2015\/07\/12735583_192743911087252_124904773_n-2.jpg 420w, https:\/\/pinetrees.pt\/wp-content\/uploads\/2015\/07\/12735583_192743911087252_124904773_n-2-220x220.jpg 220w, https:\/\/pinetrees.pt\/wp-content\/uploads\/2015\/07\/12735583_192743911087252_124904773_n-2-300x300.jpg 300w\" sizes=\"auto, (max-width: 420px) 100vw, 420px\" \/><img loading=\"lazy\" decoding=\"async\" width=\"960\" height=\"960\" src=\"https:\/\/pinetrees.pt\/wp-content\/uploads\/2015\/07\/12721695_192765027751807_76792296_n.jpg\" class=\"attachment-big_photo size-big_photo\" alt=\"\" srcset=\"https:\/\/pinetrees.pt\/wp-content\/uploads\/2015\/07\/12721695_192765027751807_76792296_n.jpg 960w, https:\/\/pinetrees.pt\/wp-content\/uploads\/2015\/07\/12721695_192765027751807_76792296_n-220x220.jpg 220w, https:\/\/pinetrees.pt\/wp-content\/uploads\/2015\/07\/12721695_192765027751807_76792296_n-300x300.jpg 300w\" sizes=\"auto, (max-width: 960px) 100vw, 960px\" \/><img loading=\"lazy\" decoding=\"async\" width=\"420\" height=\"420\" src=\"https:\/\/pinetrees.pt\/wp-content\/uploads\/2015\/07\/12714501_192758804419096_630440836_n.jpg\" class=\"attachment-big_photo size-big_photo\" alt=\"\" srcset=\"https:\/\/pinetrees.pt\/wp-content\/uploads\/2015\/07\/12714501_192758804419096_630440836_n.jpg 420w, https:\/\/pinetrees.pt\/wp-content\/uploads\/2015\/07\/12714501_192758804419096_630440836_n-220x220.jpg 220w, https:\/\/pinetrees.pt\/wp-content\/uploads\/2015\/07\/12714501_192758804419096_630440836_n-300x300.jpg 300w\" sizes=\"auto, (max-width: 420px) 100vw, 420px\" \/><img loading=\"lazy\" decoding=\"async\" width=\"300\" height=\"300\" src=\"https:\/\/pinetrees.pt\/wp-content\/uploads\/2015\/07\/12714486_192765657751744_675246687_n.jpg\" class=\"attachment-big_photo size-big_photo\" alt=\"\" srcset=\"https:\/\/pinetrees.pt\/wp-content\/uploads\/2015\/07\/12714486_192765657751744_675246687_n.jpg 300w, https:\/\/pinetrees.pt\/wp-content\/uploads\/2015\/07\/12714486_192765657751744_675246687_n-220x220.jpg 220w\" sizes=\"auto, (max-width: 300px) 100vw, 300px\" \/><img loading=\"lazy\" decoding=\"async\" width=\"420\" height=\"420\" src=\"https:\/\/pinetrees.pt\/wp-content\/uploads\/2015\/07\/12714410_192744224420554_1353142863_n.jpg\" class=\"attachment-big_photo size-big_photo\" alt=\"\" srcset=\"https:\/\/pinetrees.pt\/wp-content\/uploads\/2015\/07\/12714410_192744224420554_1353142863_n.jpg 420w, https:\/\/pinetrees.pt\/wp-content\/uploads\/2015\/07\/12714410_192744224420554_1353142863_n-220x220.jpg 220w, https:\/\/pinetrees.pt\/wp-content\/uploads\/2015\/07\/12714410_192744224420554_1353142863_n-300x300.jpg 300w\" sizes=\"auto, (max-width: 420px) 100vw, 420px\" \/><img loading=\"lazy\" decoding=\"async\" width=\"933\" height=\"960\" src=\"https:\/\/pinetrees.pt\/wp-content\/uploads\/2015\/07\/10568047_192753667752943_525388986_n-933x960.jpg\" class=\"attachment-big_photo size-big_photo\" alt=\"\" srcset=\"https:\/\/pinetrees.pt\/wp-content\/uploads\/2015\/07\/10568047_192753667752943_525388986_n.jpg 933w, https:\/\/pinetrees.pt\/wp-content\/uploads\/2015\/07\/10568047_192753667752943_525388986_n-292x300.jpg 292w\" sizes=\"auto, (max-width: 933px) 100vw, 933px\" \/><img loading=\"lazy\" decoding=\"async\" width=\"420\" height=\"420\" src=\"https:\/\/pinetrees.pt\/wp-content\/uploads\/2015\/07\/10705170_192748427753467_1707071970_n.jpg\" class=\"attachment-big_photo size-big_photo\" alt=\"\" srcset=\"https:\/\/pinetrees.pt\/wp-content\/uploads\/2015\/07\/10705170_192748427753467_1707071970_n.jpg 420w, https:\/\/pinetrees.pt\/wp-content\/uploads\/2015\/07\/10705170_192748427753467_1707071970_n-220x220.jpg 220w, https:\/\/pinetrees.pt\/wp-content\/uploads\/2015\/07\/10705170_192748427753467_1707071970_n-300x300.jpg 300w\" sizes=\"auto, (max-width: 420px) 100vw, 420px\" \/><img loading=\"lazy\" decoding=\"async\" width=\"420\" height=\"420\" src=\"https:\/\/pinetrees.pt\/wp-content\/uploads\/2015\/07\/12596452_192758467752463_1752695852_n.jpg\" class=\"attachment-big_photo size-big_photo\" alt=\"\" srcset=\"https:\/\/pinetrees.pt\/wp-content\/uploads\/2015\/07\/12596452_192758467752463_1752695852_n.jpg 420w, https:\/\/pinetrees.pt\/wp-content\/uploads\/2015\/07\/12596452_192758467752463_1752695852_n-220x220.jpg 220w, https:\/\/pinetrees.pt\/wp-content\/uploads\/2015\/07\/12596452_192758467752463_1752695852_n-300x300.jpg 300w\" sizes=\"auto, (max-width: 420px) 100vw, 420px\" \/><img loading=\"lazy\" decoding=\"async\" width=\"150\" height=\"150\" src=\"https:\/\/pinetrees.pt\/wp-content\/uploads\/2015\/07\/12696052_192760057752304_1227248321_n.jpg\" class=\"attachment-big_photo size-big_photo\" alt=\"\" \/><img loading=\"lazy\" decoding=\"async\" width=\"420\" height=\"420\" src=\"https:\/\/pinetrees.pt\/wp-content\/uploads\/2015\/07\/12713965_192743797753930_1109672575_n.jpg\" class=\"attachment-big_photo size-big_photo\" alt=\"\" srcset=\"https:\/\/pinetrees.pt\/wp-content\/uploads\/2015\/07\/12713965_192743797753930_1109672575_n.jpg 420w, https:\/\/pinetrees.pt\/wp-content\/uploads\/2015\/07\/12713965_192743797753930_1109672575_n-220x220.jpg 220w, https:\/\/pinetrees.pt\/wp-content\/uploads\/2015\/07\/12713965_192743797753930_1109672575_n-300x300.jpg 300w\" sizes=\"auto, (max-width: 420px) 100vw, 420px\" \/><\/div>\n\n<table style=\"height: 314px;\" width=\"885\">\n<tbody>\n<tr>\n<td><strong>HORSE-WORLD<\/strong><br \/>sitio celoes edif.chamine, N125 nr 270A, 8100-287 Loul\u00e9<br \/><strong>Mobile: 914737245 <\/strong><strong>Email:equiloule4@gmail.com<\/strong><\/td>\n<td><a href=\"https:\/\/maps.app.goo.gl\/2tct6NiqqPK4xLP88\">https:\/\/maps.app.goo.gl\/2tct6NiqqPK4xLP88<\/a><\/td>\n<\/tr>\n<\/tbody>\n<\/table>\n<p><!--more--><\/p>\n<p><!--more--><\/p>\n<p>[:<\/p>\n\n\n<p><\/p>","protected":false},"excerpt":{"rendered":"<p>Desculpe, este conte\u00fado s\u00f3 est\u00e1 dispon\u00edvel em English. Por uma quest\u00e3o de conveni\u00eancia para o utilizador, o conte\u00fado \u00e9 mostrado abaixo no idioma alternativo. Pode clicar na liga\u00e7\u00e3o para alterar o idioma activo. Dear Pinetrees client Elisa\u00b4s has moved her shop to spacious new premises west of Almancil on the E.N:125 There is a great [&hellip;]<\/p>\n","protected":false},"author":2,"featured_media":19738,"parent":34,"menu_order":7,"comment_status":"open","ping_status":"closed","template":"","meta":{"_acf_changed":false,"footnotes":""},"class_list":["post-391","page","type-page","status-publish","has-post-thumbnail","hentry"],"acf":[],"yoast_head":"<!-- This site is optimized with the Yoast SEO plugin v25.1 - https:\/\/yoast.com\/wordpress\/plugins\/seo\/ -->\n<title>HorseWorld | Pinetrees Riding Centre<\/title>\n<meta name=\"robots\" content=\"index, follow, max-snippet:-1, max-image-preview:large, max-video-preview:-1\" \/>\n<link rel=\"canonical\" href=\"https:\/\/pinetrees.pt\/de\/about\/ekiloule\/\" \/>\n<meta property=\"og:locale\" content=\"pt_PT\" \/>\n<meta property=\"og:type\" content=\"article\" \/>\n<meta property=\"og:title\" content=\"HorseWorld | Pinetrees Riding Centre\" \/>\n<meta property=\"og:description\" content=\"Desculpe, este conte\u00fado s\u00f3 est\u00e1 dispon\u00edvel em English. Por uma quest\u00e3o de conveni\u00eancia para o utilizador, o conte\u00fado \u00e9 mostrado abaixo no idioma alternativo. Pode clicar na liga\u00e7\u00e3o para alterar o idioma activo. Dear Pinetrees client Elisa\u00b4s has moved her shop to spacious new premises west of Almancil on the E.N:125 There is a great [&hellip;]\" \/>\n<meta property=\"og:url\" content=\"https:\/\/pinetrees.pt\/de\/about\/ekiloule\/\" \/>\n<meta property=\"og:site_name\" content=\"Pinetrees Riding Centre\" \/>\n<meta property=\"article:modified_time\" content=\"2025-06-28T16:04:47+00:00\" \/>\n<meta property=\"og:image\" content=\"https:\/\/pinetrees.pt\/wp-content\/uploads\/2025\/05\/horse_world_logo_transparent-1.png\" \/>\n\t<meta property=\"og:image:width\" content=\"1080\" \/>\n\t<meta property=\"og:image:height\" content=\"1060\" \/>\n\t<meta property=\"og:image:type\" content=\"image\/png\" \/>\n<meta name=\"twitter:card\" content=\"summary_large_image\" \/>\n<meta name=\"twitter:label1\" content=\"Tempo estimado de leitura\" \/>\n\t<meta name=\"twitter:data1\" content=\"1 minuto\" \/>\n<script type=\"application\/ld+json\" class=\"yoast-schema-graph\">{\"@context\":\"https:\/\/schema.org\",\"@graph\":[{\"@type\":\"WebPage\",\"@id\":\"https:\/\/pinetrees.pt\/de\/about\/ekiloule\/\",\"url\":\"https:\/\/pinetrees.pt\/de\/about\/ekiloule\/\",\"name\":\"HorseWorld | Pinetrees Riding Centre\",\"isPartOf\":{\"@id\":\"https:\/\/pinetrees.pt\/pt\/#website\"},\"primaryImageOfPage\":{\"@id\":\"https:\/\/pinetrees.pt\/de\/about\/ekiloule\/#primaryimage\"},\"image\":{\"@id\":\"https:\/\/pinetrees.pt\/de\/about\/ekiloule\/#primaryimage\"},\"thumbnailUrl\":\"https:\/\/pinetrees.pt\/wp-content\/uploads\/2025\/05\/horse_world_logo_transparent-1.png\",\"datePublished\":\"2015-07-17T12:51:17+00:00\",\"dateModified\":\"2025-06-28T16:04:47+00:00\",\"breadcrumb\":{\"@id\":\"https:\/\/pinetrees.pt\/de\/about\/ekiloule\/#breadcrumb\"},\"inLanguage\":\"pt-PT\",\"potentialAction\":[{\"@type\":\"ReadAction\",\"target\":[\"https:\/\/pinetrees.pt\/de\/about\/ekiloule\/\"]}]},{\"@type\":\"ImageObject\",\"inLanguage\":\"pt-PT\",\"@id\":\"https:\/\/pinetrees.pt\/de\/about\/ekiloule\/#primaryimage\",\"url\":\"https:\/\/pinetrees.pt\/wp-content\/uploads\/2025\/05\/horse_world_logo_transparent-1.png\",\"contentUrl\":\"https:\/\/pinetrees.pt\/wp-content\/uploads\/2025\/05\/horse_world_logo_transparent-1.png\",\"width\":1080,\"height\":1060},{\"@type\":\"BreadcrumbList\",\"@id\":\"https:\/\/pinetrees.pt\/de\/about\/ekiloule\/#breadcrumb\",\"itemListElement\":[{\"@type\":\"ListItem\",\"position\":1,\"name\":\"Home\",\"item\":\"https:\/\/pinetrees.pt\/pt\/\"},{\"@type\":\"ListItem\",\"position\":2,\"name\":\"About the horse riding centre\",\"item\":\"https:\/\/pinetrees.pt\/de\/about\/\"},{\"@type\":\"ListItem\",\"position\":3,\"name\":\"HorseWorld\"}]},{\"@type\":\"WebSite\",\"@id\":\"https:\/\/pinetrees.pt\/pt\/#website\",\"url\":\"https:\/\/pinetrees.pt\/pt\/\",\"name\":\"Pinetrees Riding Centre\",\"description\":\"Your best riding experience in Algarve\",\"potentialAction\":[{\"@type\":\"SearchAction\",\"target\":{\"@type\":\"EntryPoint\",\"urlTemplate\":\"https:\/\/pinetrees.pt\/pt\/?s={search_term_string}\"},\"query-input\":{\"@type\":\"PropertyValueSpecification\",\"valueRequired\":true,\"valueName\":\"search_term_string\"}}],\"inLanguage\":\"pt-PT\"}]}<\/script>\n<!-- \/ Yoast SEO plugin. -->","yoast_head_json":{"title":"HorseWorld | Pinetrees Riding Centre","robots":{"index":"index","follow":"follow","max-snippet":"max-snippet:-1","max-image-preview":"max-image-preview:large","max-video-preview":"max-video-preview:-1"},"canonical":"https:\/\/pinetrees.pt\/de\/about\/ekiloule\/","og_locale":"pt_PT","og_type":"article","og_title":"HorseWorld | Pinetrees Riding Centre","og_description":"Desculpe, este conte\u00fado s\u00f3 est\u00e1 dispon\u00edvel em English. Por uma quest\u00e3o de conveni\u00eancia para o utilizador, o conte\u00fado \u00e9 mostrado abaixo no idioma alternativo. Pode clicar na liga\u00e7\u00e3o para alterar o idioma activo. Dear Pinetrees client Elisa\u00b4s has moved her shop to spacious new premises west of Almancil on the E.N:125 There is a great [&hellip;]","og_url":"https:\/\/pinetrees.pt\/de\/about\/ekiloule\/","og_site_name":"Pinetrees Riding Centre","article_modified_time":"2025-06-28T16:04:47+00:00","og_image":[{"width":1080,"height":1060,"url":"https:\/\/pinetrees.pt\/wp-content\/uploads\/2025\/05\/horse_world_logo_transparent-1.png","type":"image\/png"}],"twitter_card":"summary_large_image","twitter_misc":{"Tempo estimado de leitura":"1 minuto"},"schema":{"@context":"https:\/\/schema.org","@graph":[{"@type":"WebPage","@id":"https:\/\/pinetrees.pt\/de\/about\/ekiloule\/","url":"https:\/\/pinetrees.pt\/de\/about\/ekiloule\/","name":"HorseWorld | Pinetrees Riding Centre","isPartOf":{"@id":"https:\/\/pinetrees.pt\/pt\/#website"},"primaryImageOfPage":{"@id":"https:\/\/pinetrees.pt\/de\/about\/ekiloule\/#primaryimage"},"image":{"@id":"https:\/\/pinetrees.pt\/de\/about\/ekiloule\/#primaryimage"},"thumbnailUrl":"https:\/\/pinetrees.pt\/wp-content\/uploads\/2025\/05\/horse_world_logo_transparent-1.png","datePublished":"2015-07-17T12:51:17+00:00","dateModified":"2025-06-28T16:04:47+00:00","breadcrumb":{"@id":"https:\/\/pinetrees.pt\/de\/about\/ekiloule\/#breadcrumb"},"inLanguage":"pt-PT","potentialAction":[{"@type":"ReadAction","target":["https:\/\/pinetrees.pt\/de\/about\/ekiloule\/"]}]},{"@type":"ImageObject","inLanguage":"pt-PT","@id":"https:\/\/pinetrees.pt\/de\/about\/ekiloule\/#primaryimage","url":"https:\/\/pinetrees.pt\/wp-content\/uploads\/2025\/05\/horse_world_logo_transparent-1.png","contentUrl":"https:\/\/pinetrees.pt\/wp-content\/uploads\/2025\/05\/horse_world_logo_transparent-1.png","width":1080,"height":1060},{"@type":"BreadcrumbList","@id":"https:\/\/pinetrees.pt\/de\/about\/ekiloule\/#breadcrumb","itemListElement":[{"@type":"ListItem","position":1,"name":"Home","item":"https:\/\/pinetrees.pt\/pt\/"},{"@type":"ListItem","position":2,"name":"About the horse riding centre","item":"https:\/\/pinetrees.pt\/de\/about\/"},{"@type":"ListItem","position":3,"name":"HorseWorld"}]},{"@type":"WebSite","@id":"https:\/\/pinetrees.pt\/pt\/#website","url":"https:\/\/pinetrees.pt\/pt\/","name":"Pinetrees Riding Centre","description":"Your best riding experience in Algarve","potentialAction":[{"@type":"SearchAction","target":{"@type":"EntryPoint","urlTemplate":"https:\/\/pinetrees.pt\/pt\/?s={search_term_string}"},"query-input":{"@type":"PropertyValueSpecification","valueRequired":true,"valueName":"search_term_string"}}],"inLanguage":"pt-PT"}]}},"_links":{"self":[{"href":"https:\/\/pinetrees.pt\/pt\/wp-json\/wp\/v2\/pages\/391","targetHints":{"allow":["GET"]}}],"collection":[{"href":"https:\/\/pinetrees.pt\/pt\/wp-json\/wp\/v2\/pages"}],"about":[{"href":"https:\/\/pinetrees.pt\/pt\/wp-json\/wp\/v2\/types\/page"}],"author":[{"embeddable":true,"href":"https:\/\/pinetrees.pt\/pt\/wp-json\/wp\/v2\/users\/2"}],"replies":[{"embeddable":true,"href":"https:\/\/pinetrees.pt\/pt\/wp-json\/wp\/v2\/comments?post=391"}],"version-history":[{"count":40,"href":"https:\/\/pinetrees.pt\/pt\/wp-json\/wp\/v2\/pages\/391\/revisions"}],"predecessor-version":[{"id":19804,"href":"https:\/\/pinetrees.pt\/pt\/wp-json\/wp\/v2\/pages\/391\/revisions\/19804"}],"up":[{"embeddable":true,"href":"https:\/\/pinetrees.pt\/pt\/wp-json\/wp\/v2\/pages\/34"}],"wp:featuredmedia":[{"embeddable":true,"href":"https:\/\/pinetrees.pt\/pt\/wp-json\/wp\/v2\/media\/19738"}],"wp:attachment":[{"href":"https:\/\/pinetrees.pt\/pt\/wp-json\/wp\/v2\/media?parent=391"}],"curies":[{"name":"wp","href":"https:\/\/api.w.org\/{rel}","templated":true}]}}